{"id":70,"date":"2026-02-10T19:40:16","date_gmt":"2026-02-10T19:40:16","guid":{"rendered":"https:\/\/mumu.coycault.fr\/?page_id=70"},"modified":"2026-02-10T19:58:16","modified_gmt":"2026-02-10T19:58:16","slug":"vos-avis","status":"publish","type":"page","link":"https:\/\/mumu.coycault.fr\/?page_id=70","title":{"rendered":"Vos Avis"},"content":{"rendered":"<div id=\"g-review\" class=\"layout_style-1 grwp_grid \"><div class=\"grwp_header\"><div class=\"grwp_header-inner\"><h3 class=\"grwp_business-title\">Au palais des patounes<\/h3><span class=\"grwp_total-rating\">5,0<\/span><span class=\"grwp_5_stars\">Sur 5 \u00e9toiles<\/span><span class=\"grwp_stars-wrapper\"><img decoding=\"async\" src=\"https:\/\/mumu.coycault.fr\/wp-content\/plugins\/embedder-for-google-reviews\/dist\/images\/svg-star.svg\" alt=\"\" \/><img decoding=\"async\" src=\"https:\/\/mumu.coycault.fr\/wp-content\/plugins\/embedder-for-google-reviews\/dist\/images\/svg-star.svg\" alt=\"\" \/><img decoding=\"async\" src=\"https:\/\/mumu.coycault.fr\/wp-content\/plugins\/embedder-for-google-reviews\/dist\/images\/svg-star.svg\" alt=\"\" \/><img decoding=\"async\" src=\"https:\/\/mumu.coycault.fr\/wp-content\/plugins\/embedder-for-google-reviews\/dist\/images\/svg-star.svg\" alt=\"\" \/><img decoding=\"async\" src=\"https:\/\/mumu.coycault.fr\/wp-content\/plugins\/embedder-for-google-reviews\/dist\/images\/svg-star.svg\" alt=\"\" \/><\/span><h3 class=\"grwp_overall\">\u00c9valuation globale sur 2 avis Google<\/h3><\/div><\/div><div class=\"grwp_body\"><div id=\"g-review\" class=\"layout_style-1\">\r\n<!-- Slider main container -->\r\n<div class=\"swiper reviews_embedder_slider\">\r\n\t<!-- Additional required wrapper -->\r\n\t<div class=\"swiper-wrapper\">\r\n\r\n<div class=\"swiper-slide\">\r\n    <div class=\"g-review\">\r\n        <div class=\"gr-inner-header\">\r\n            <img loading=\"lazy\" decoding=\"async\" class=\"gr-profile\" src=\"https:\/\/lh3.googleusercontent.com\/a\/ACg8ocJtTLySZkwFEgntPQd70BTK9ebRudaOZvBAiNzeuSdzOGZtww=s120-c-rp-mo-br100\" width=\"50\" height=\"50\" alt=\"\" data-imgtype=\"image\/png\" referrerpolicy=\"no-referrer\" \/>\r\n            <img decoding=\"async\" src=\"https:\/\/mumu.coycault.fr\/wp-content\/plugins\/embedder-for-google-reviews\/dist\/images\/google-logo-svg.svg\" alt=\"\" class=\"gr-google\" \/>\r\n            <p>\r\n                                <a href=\"https:\/\/www.google.com\/maps\/contrib\/115863011607923206638?hl=fr\" target=\"_blank\">\r\n                    Morgane HEUZE                <\/a>\r\n                                <br>\r\n                <span class=\"gr-stars\">\r\n                    <span class=\"stars-wrapper\"><img decoding=\"async\" src=\"https:\/\/mumu.coycault.fr\/wp-content\/plugins\/embedder-for-google-reviews\/dist\/images\/svg-star.svg\" alt=\"\" \/><img decoding=\"async\" src=\"https:\/\/mumu.coycault.fr\/wp-content\/plugins\/embedder-for-google-reviews\/dist\/images\/svg-star.svg\" alt=\"\" \/><img decoding=\"async\" src=\"https:\/\/mumu.coycault.fr\/wp-content\/plugins\/embedder-for-google-reviews\/dist\/images\/svg-star.svg\" alt=\"\" \/><img decoding=\"async\" src=\"https:\/\/mumu.coycault.fr\/wp-content\/plugins\/embedder-for-google-reviews\/dist\/images\/svg-star.svg\" alt=\"\" \/><img decoding=\"async\" src=\"https:\/\/mumu.coycault.fr\/wp-content\/plugins\/embedder-for-google-reviews\/dist\/images\/svg-star.svg\" alt=\"\" \/><\/span><span class=\"time\">il y a 8\u00a0mois<\/span>                <\/span>\r\n            <\/p>\r\n        <\/div>\r\n\r\n        <div class=\"gr-inner-body\">\r\n            <p>Nos deux chiens vont dans la pension de Muriel tr\u00e8s r\u00e9guli\u00e8rement et ils adorent y aller ! Les chiens s&#039;\u00e9clatent et sont chouchouter ? Et nous humains, nous pouvons profitez sereinement de notre s\u00e9jour avec des photos r\u00e9guli\u00e8res de nos poilus pr\u00e9f\u00e9r\u00e9s !!! Allez dans cette pension familiale pour vos chiens, ils vous remercieront !<\/p>\r\n        <\/div>\r\n    <\/div>\r\n<\/div>\r\n\r\n\r\n\r\n<div class=\"swiper-slide\">\r\n    <div class=\"g-review\">\r\n        <div class=\"gr-inner-header\">\r\n            <img loading=\"lazy\" decoding=\"async\" class=\"gr-profile\" src=\"https:\/\/lh3.googleusercontent.com\/a\/ACg8ocJsrmQdoQnFDzYD_4nZ2aRLbT1TpfehtLVROq0rsqx8TLjD7w=s120-c-rp-mo-ba3-br100\" width=\"50\" height=\"50\" alt=\"\" data-imgtype=\"image\/png\" referrerpolicy=\"no-referrer\" \/>\r\n            <img decoding=\"async\" src=\"https:\/\/mumu.coycault.fr\/wp-content\/plugins\/embedder-for-google-reviews\/dist\/images\/google-logo-svg.svg\" alt=\"\" class=\"gr-google\" \/>\r\n            <p>\r\n                                <a href=\"https:\/\/www.google.com\/maps\/contrib\/117152939075913982553?hl=fr\" target=\"_blank\">\r\n                    Sylvain PETIT                <\/a>\r\n                                <br>\r\n                <span class=\"gr-stars\">\r\n                    <span class=\"stars-wrapper\"><img decoding=\"async\" src=\"https:\/\/mumu.coycault.fr\/wp-content\/plugins\/embedder-for-google-reviews\/dist\/images\/svg-star.svg\" alt=\"\" \/><img decoding=\"async\" src=\"https:\/\/mumu.coycault.fr\/wp-content\/plugins\/embedder-for-google-reviews\/dist\/images\/svg-star.svg\" alt=\"\" \/><img decoding=\"async\" src=\"https:\/\/mumu.coycault.fr\/wp-content\/plugins\/embedder-for-google-reviews\/dist\/images\/svg-star.svg\" alt=\"\" \/><img decoding=\"async\" src=\"https:\/\/mumu.coycault.fr\/wp-content\/plugins\/embedder-for-google-reviews\/dist\/images\/svg-star.svg\" alt=\"\" \/><img decoding=\"async\" src=\"https:\/\/mumu.coycault.fr\/wp-content\/plugins\/embedder-for-google-reviews\/dist\/images\/svg-star.svg\" alt=\"\" \/><\/span><span class=\"time\">il y a 11\u00a0mois<\/span>                <\/span>\r\n            <\/p>\r\n        <\/div>\r\n\r\n        <div class=\"gr-inner-body\">\r\n            <p>Impec. C&#039;est plus un lieu de vacances avec les copains\/copines qu&#039;une pension ! Notre chien y va sans soucis et en revient tout calme et bien plus \u00e0 l&#039;\u00e9coute (pension et \u00e9ducation, pas mal non ? \ud83d\ude01)<\/p>\r\n        <\/div>\r\n    <\/div>\r\n<\/div>\r\n\r\n\r\n\r\n<\/div><!--swiper-wrapper-->\r\n<!-- If we need pagination -->\r\n<div class=\"swiper-pagination\"><\/div>\r\n\r\n<!-- If we need navigation buttons -->\r\n<div class=\"slider-prev-next-wrapper\">\r\n    <div class=\"grwp-swiper-button-next\"><\/div>\r\n    <div class=\"grwp-swiper-button-prev\"><\/div>\r\n<\/div>\r\n\r\n<\/div> <!--swiper-->\r\n<\/div><\/div><\/div>\n","protected":false},"excerpt":{"rendered":"","protected":false},"author":1,"featured_media":0,"parent":0,"menu_order":0,"comment_status":"closed","ping_status":"closed","template":"","meta":{"ocean_post_layout":"","ocean_both_sidebars_style":"","ocean_both_sidebars_content_width":0,"ocean_both_sidebars_sidebars_width":0,"ocean_sidebar":"","ocean_second_sidebar":"","ocean_disable_margins":"enable","ocean_add_body_class":"","ocean_shortcode_before_top_bar":"","ocean_shortcode_after_top_bar":"","ocean_shortcode_before_header":"","ocean_shortcode_after_header":"","ocean_has_shortcode":"","ocean_shortcode_after_title":"","ocean_shortcode_before_footer_widgets":"","ocean_shortcode_after_footer_widgets":"","ocean_shortcode_before_footer_bottom":"","ocean_shortcode_after_footer_bottom":"","ocean_display_top_bar":"default","ocean_display_header":"default","ocean_header_style":"","ocean_center_header_left_menu":"","ocean_custom_header_template":"","ocean_custom_logo":0,"ocean_custom_retina_logo":0,"ocean_custom_logo_max_width":0,"ocean_custom_logo_tablet_max_width":0,"ocean_custom_logo_mobile_max_width":0,"ocean_custom_logo_max_height":0,"ocean_custom_logo_tablet_max_height":0,"ocean_custom_logo_mobile_max_height":0,"ocean_header_custom_menu":"","ocean_menu_typo_font_family":"","ocean_menu_typo_font_subset":"","ocean_menu_typo_font_size":0,"ocean_menu_typo_font_size_tablet":0,"ocean_menu_typo_font_size_mobile":0,"ocean_menu_typo_font_size_unit":"px","ocean_menu_typo_font_weight":"","ocean_menu_typo_font_weight_tablet":"","ocean_menu_typo_font_weight_mobile":"","ocean_menu_typo_transform":"","ocean_menu_typo_transform_tablet":"","ocean_menu_typo_transform_mobile":"","ocean_menu_typo_line_height":0,"ocean_menu_typo_line_height_tablet":0,"ocean_menu_typo_line_height_mobile":0,"ocean_menu_typo_line_height_unit":"","ocean_menu_typo_spacing":0,"ocean_menu_typo_spacing_tablet":0,"ocean_menu_typo_spacing_mobile":0,"ocean_menu_typo_spacing_unit":"","ocean_menu_link_color":"","ocean_menu_link_color_hover":"","ocean_menu_link_color_active":"","ocean_menu_link_background":"","ocean_menu_link_hover_background":"","ocean_menu_link_active_background":"","ocean_menu_social_links_bg":"","ocean_menu_social_hover_links_bg":"","ocean_menu_social_links_color":"","ocean_menu_social_hover_links_color":"","ocean_disable_title":"default","ocean_disable_heading":"default","ocean_post_title":"","ocean_post_subheading":"","ocean_post_title_style":"","ocean_post_title_background_color":"","ocean_post_title_background":0,"ocean_post_title_bg_image_position":"","ocean_post_title_bg_image_attachment":"","ocean_post_title_bg_image_repeat":"","ocean_post_title_bg_image_size":"","ocean_post_title_height":0,"ocean_post_title_bg_overlay":0.5,"ocean_post_title_bg_overlay_color":"","ocean_disable_breadcrumbs":"default","ocean_breadcrumbs_color":"","ocean_breadcrumbs_separator_color":"","ocean_breadcrumbs_links_color":"","ocean_breadcrumbs_links_hover_color":"","ocean_display_footer_widgets":"default","ocean_display_footer_bottom":"default","ocean_custom_footer_template":"","footnotes":""},"class_list":["post-70","page","type-page","status-publish","hentry","entry"],"_links":{"self":[{"href":"https:\/\/mumu.coycault.fr\/index.php?rest_route=\/wp\/v2\/pages\/70","targetHints":{"allow":["GET"]}}],"collection":[{"href":"https:\/\/mumu.coycault.fr\/index.php?rest_route=\/wp\/v2\/pages"}],"about":[{"href":"https:\/\/mumu.coycault.fr\/index.php?rest_route=\/wp\/v2\/types\/page"}],"author":[{"embeddable":true,"href":"https:\/\/mumu.coycault.fr\/index.php?rest_route=\/wp\/v2\/users\/1"}],"replies":[{"embeddable":true,"href":"https:\/\/mumu.coycault.fr\/index.php?rest_route=%2Fwp%2Fv2%2Fcomments&post=70"}],"version-history":[{"count":2,"href":"https:\/\/mumu.coycault.fr\/index.php?rest_route=\/wp\/v2\/pages\/70\/revisions"}],"predecessor-version":[{"id":73,"href":"https:\/\/mumu.coycault.fr\/index.php?rest_route=\/wp\/v2\/pages\/70\/revisions\/73"}],"wp:attachment":[{"href":"https:\/\/mumu.coycault.fr\/index.php?rest_route=%2Fwp%2Fv2%2Fmedia&parent=70"}],"curies":[{"name":"wp","href":"https:\/\/api.w.org\/{rel}","templated":true}]}}