{"id":53,"date":"2026-02-10T19:27:38","date_gmt":"2026-02-10T19:27:38","guid":{"rendered":"https:\/\/mumu.coycault.fr\/?page_id=53"},"modified":"2026-02-10T19:36:38","modified_gmt":"2026-02-10T19:36:38","slug":"accueil","status":"publish","type":"page","link":"https:\/\/mumu.coycault.fr\/","title":{"rendered":"Accueil"},"content":{"rendered":"\n<div class=\"wp-block-cover is-light\"><img loading=\"lazy\" decoding=\"async\" width=\"605\" height=\"770\" class=\"wp-block-cover__image-background wp-image-25 size-full\" alt=\"\" src=\"https:\/\/mumu.coycault.fr\/wp-content\/uploads\/2026\/02\/Image4-1.png\" data-object-fit=\"cover\" srcset=\"https:\/\/mumu.coycault.fr\/wp-content\/uploads\/2026\/02\/Image4-1.png 605w, https:\/\/mumu.coycault.fr\/wp-content\/uploads\/2026\/02\/Image4-1-236x300.png 236w\" sizes=\"auto, (max-width: 605px) 100vw, 605px\" \/><span aria-hidden=\"true\" class=\"wp-block-cover__background has-background-dim\" style=\"background-color:#a1acb9\"><\/span><div class=\"wp-block-cover__inner-container is-layout-constrained wp-block-cover-is-layout-constrained\">\n<p class=\"has-text-align-center has-large-font-size\"><strong>Au Palais des Patounes, la pension canine prend soin de votre compagnon pr\u00e8s de Chartres<\/strong><\/p>\n\n\n\n<p class=\"has-text-align-center has-medium-font-size\">Confiez-nous votre meilleur ami et partez l&rsquo;esprit tranquille !<\/p>\n<\/div><\/div>\n\n\n\n<h1 class=\"wp-block-heading has-text-align-center\">Au Palais des Patounes, une solution de garde de confiance pour votre chien<\/h1>\n\n\n\n<p class=\"has-text-align-center\">Je me pr\u00e9sente : Muriel, 28 ans et amoureuse des animaux, surtout des chiens, depuis toute petite. J\u2019ai 3 chiens et je sais \u00e0 quel point il est parfois compliqu\u00e9 de trouver des lieux de vacances o\u00f9 il est possible de partir avec nos loulous \u00e0 4 pattes.<\/p>\n\n\n\n<p class=\"has-text-align-center\">C\u2019est pourquoi j\u2019ai d\u00e9cid\u00e9 d\u2019ouvrir cette&nbsp;<strong>pension pour faciliter vos vacances<\/strong>. Votre ou vos chiens seront eux aussi en vacances avec Titan (Berger Allemand de 8 ans) , Toundra (Eurasier de 2 ans) et Yuplak (Old Inuit Dog d&rsquo;un peu plus d&rsquo;un an), qui sont toujours contents d\u2019avoir de nouveaux copains avec eux.<\/p>\n\n\n\n<p class=\"has-text-align-center\">J\u2019ai pass\u00e9 l\u2019ACACED (Attestation de Connaissances pour les Animaux de Compagnie d\u2019Esp\u00e8ces Domestiques) sp\u00e9cialit\u00e9 chien, pour ouvrir la pension et faire de l\u2019\u00e9levage avec Toundra.<\/p>\n\n\n\n<p class=\"has-text-align-center\">La pension n\u2019est pas mon activit\u00e9 principale, je suis infirmi\u00e8re et je travaille de nuit. Il est donc possible que les chiens soient seuls la nuit. Cependant la journ\u00e9e je suis pr\u00e9sente.<\/p>\n\n\n\n<figure class=\"wp-block-image size-full is-resized\"><img loading=\"lazy\" decoding=\"async\" width=\"605\" height=\"250\" src=\"https:\/\/mumu.coycault.fr\/wp-content\/uploads\/2026\/02\/Image35.png\" alt=\"\" class=\"wp-image-56\" style=\"width:835px;height:auto\" srcset=\"https:\/\/mumu.coycault.fr\/wp-content\/uploads\/2026\/02\/Image35.png 605w, https:\/\/mumu.coycault.fr\/wp-content\/uploads\/2026\/02\/Image35-300x124.png 300w\" sizes=\"auto, (max-width: 605px) 100vw, 605px\" \/><\/figure>\n\n\n\n<p><\/p>\n","protected":false},"excerpt":{"rendered":"<p>Au Palais des Patounes, une solution de garde de confiance pour votre chien Je me pr\u00e9sente : Muriel, 28 ans et amoureuse des animaux, surtout des chiens, depuis toute petite. J\u2019ai 3 chiens et je sais \u00e0 quel point il est parfois compliqu\u00e9 de trouver des lieux de vacances o\u00f9 il est possible de partir [&hellip;]<\/p>\n","protected":false},"author":1,"featured_media":0,"parent":0,"menu_order":0,"comment_status":"closed","ping_status":"closed","template":"","meta":{"ocean_post_layout":"","ocean_both_sidebars_style":"","ocean_both_sidebars_content_width":0,"ocean_both_sidebars_sidebars_width":0,"ocean_sidebar":"","ocean_second_sidebar":"","ocean_disable_margins":"enable","ocean_add_body_class":"","ocean_shortcode_before_top_bar":"","ocean_shortcode_after_top_bar":"","ocean_shortcode_before_header":"","ocean_shortcode_after_header":"","ocean_has_shortcode":"","ocean_shortcode_after_title":"","ocean_shortcode_before_footer_widgets":"","ocean_shortcode_after_footer_widgets":"","ocean_shortcode_before_footer_bottom":"","ocean_shortcode_after_footer_bottom":"","ocean_display_top_bar":"default","ocean_display_header":"default","ocean_header_style":"","ocean_center_header_left_menu":"","ocean_custom_header_template":"","ocean_custom_logo":0,"ocean_custom_retina_logo":0,"ocean_custom_logo_max_width":0,"ocean_custom_logo_tablet_max_width":0,"ocean_custom_logo_mobile_max_width":0,"ocean_custom_logo_max_height":0,"ocean_custom_logo_tablet_max_height":0,"ocean_custom_logo_mobile_max_height":0,"ocean_header_custom_menu":"","ocean_menu_typo_font_family":"","ocean_menu_typo_font_subset":"","ocean_menu_typo_font_size":0,"ocean_menu_typo_font_size_tablet":0,"ocean_menu_typo_font_size_mobile":0,"ocean_menu_typo_font_size_unit":"px","ocean_menu_typo_font_weight":"","ocean_menu_typo_font_weight_tablet":"","ocean_menu_typo_font_weight_mobile":"","ocean_menu_typo_transform":"","ocean_menu_typo_transform_tablet":"","ocean_menu_typo_transform_mobile":"","ocean_menu_typo_line_height":0,"ocean_menu_typo_line_height_tablet":0,"ocean_menu_typo_line_height_mobile":0,"ocean_menu_typo_line_height_unit":"","ocean_menu_typo_spacing":0,"ocean_menu_typo_spacing_tablet":0,"ocean_menu_typo_spacing_mobile":0,"ocean_menu_typo_spacing_unit":"","ocean_menu_link_color":"","ocean_menu_link_color_hover":"","ocean_menu_link_color_active":"","ocean_menu_link_background":"","ocean_menu_link_hover_background":"","ocean_menu_link_active_background":"","ocean_menu_social_links_bg":"","ocean_menu_social_hover_links_bg":"","ocean_menu_social_links_color":"","ocean_menu_social_hover_links_color":"","ocean_disable_title":"default","ocean_disable_heading":"default","ocean_post_title":"","ocean_post_subheading":"","ocean_post_title_style":"","ocean_post_title_background_color":"","ocean_post_title_background":0,"ocean_post_title_bg_image_position":"","ocean_post_title_bg_image_attachment":"","ocean_post_title_bg_image_repeat":"","ocean_post_title_bg_image_size":"","ocean_post_title_height":0,"ocean_post_title_bg_overlay":0.5,"ocean_post_title_bg_overlay_color":"","ocean_disable_breadcrumbs":"default","ocean_breadcrumbs_color":"","ocean_breadcrumbs_separator_color":"","ocean_breadcrumbs_links_color":"","ocean_breadcrumbs_links_hover_color":"","ocean_display_footer_widgets":"default","ocean_display_footer_bottom":"default","ocean_custom_footer_template":"","footnotes":""},"class_list":["post-53","page","type-page","status-publish","hentry","entry"],"_links":{"self":[{"href":"https:\/\/mumu.coycault.fr\/index.php?rest_route=\/wp\/v2\/pages\/53","targetHints":{"allow":["GET"]}}],"collection":[{"href":"https:\/\/mumu.coycault.fr\/index.php?rest_route=\/wp\/v2\/pages"}],"about":[{"href":"https:\/\/mumu.coycault.fr\/index.php?rest_route=\/wp\/v2\/types\/page"}],"author":[{"embeddable":true,"href":"https:\/\/mumu.coycault.fr\/index.php?rest_route=\/wp\/v2\/users\/1"}],"replies":[{"embeddable":true,"href":"https:\/\/mumu.coycault.fr\/index.php?rest_route=%2Fwp%2Fv2%2Fcomments&post=53"}],"version-history":[{"count":2,"href":"https:\/\/mumu.coycault.fr\/index.php?rest_route=\/wp\/v2\/pages\/53\/revisions"}],"predecessor-version":[{"id":57,"href":"https:\/\/mumu.coycault.fr\/index.php?rest_route=\/wp\/v2\/pages\/53\/revisions\/57"}],"wp:attachment":[{"href":"https:\/\/mumu.coycault.fr\/index.php?rest_route=%2Fwp%2Fv2%2Fmedia&parent=53"}],"curies":[{"name":"wp","href":"https:\/\/api.w.org\/{rel}","templated":true}]}}