{"id":2,"date":"2026-02-10T15:43:04","date_gmt":"2026-02-10T15:43:04","guid":{"rendered":"http:\/\/mumu.coycault.fr\/?page_id=2"},"modified":"2026-02-10T19:26:34","modified_gmt":"2026-02-10T19:26:34","slug":"sample-page","status":"publish","type":"page","link":"https:\/\/mumu.coycault.fr\/?page_id=2","title":{"rendered":"A propos"},"content":{"rendered":"\n<div class=\"wp-block-cover is-light\"><img loading=\"lazy\" decoding=\"async\" width=\"592\" height=\"395\" class=\"wp-block-cover__image-background wp-image-20 size-full\" alt=\"\" src=\"https:\/\/mumu.coycault.fr\/wp-content\/uploads\/2026\/02\/Image2.png\" data-object-fit=\"cover\" srcset=\"https:\/\/mumu.coycault.fr\/wp-content\/uploads\/2026\/02\/Image2.png 592w, https:\/\/mumu.coycault.fr\/wp-content\/uploads\/2026\/02\/Image2-300x200.png 300w\" sizes=\"auto, (max-width: 592px) 100vw, 592px\" \/><span aria-hidden=\"true\" class=\"wp-block-cover__background has-background-dim\" style=\"background-color:#849064\"><\/span><div class=\"wp-block-cover__inner-container is-layout-constrained wp-block-cover-is-layout-constrained\">\n<p class=\"has-text-align-center has-large-font-size\">Au Palais des Patounes, la pension familiale pour chien est situ\u00e9e \u00e0 15 minutes de Chartres<\/p>\n\n\n\n<blockquote class=\"wp-block-quote has-small-font-size is-layout-flow wp-block-quote-is-layout-flow\">\n<p class=\"has-text-align-center has-medium-font-size\">Offrez \u00e0 votre compagnon \u00e0 4 pattes une escapade de luxe !<\/p>\n<\/blockquote>\n<\/div><\/div>\n\n\n\n<h2 class=\"wp-block-heading has-text-align-center\">Principe de vie Au Palais des Patounes, pour un s\u00e9jour sans tracas<\/h2>\n\n\n\n<p class=\"has-text-align-center\">Votre ou vos chiens vivent avec nous,&nbsp;<strong>dans la maison et le jardin<\/strong>, le tout sur un terrain de 975 m\u00b2. Tout le terrain est cl\u00f4tur\u00e9.<\/p>\n\n\n\n<p class=\"has-text-align-center\">Dans la maison, les chiens ont acc\u00e8s au salon \u00e0 la cuisine ouverte et au couloir. Les chambres, les toilettes et la salle de bains leur seront interdites. Le garage est utilis\u00e9 comme une \u00ab salle de s\u00e9chage \u00bb en cas de pluie ou de s\u00e9ance de piscine prolong\u00e9e (l\u2019\u00e9t\u00e9 uniquement).<\/p>\n\n\n\n<p class=\"has-text-align-center\">Les propri\u00e9taires qui mettent leur chien en caisse ou cage pendant leur absence sont pri\u00e9s de fournir la caisse ou la cage pour le s\u00e9jour sinon les d\u00e9g\u00e2ts occasionn\u00e9s seront factur\u00e9s et le chien risque de ne pas \u00eatre repris pour un autre s\u00e9jour.<\/p>\n\n\n\n<p class=\"has-text-align-center\">Pour le confort de votre ou de vos loulous, il est fortement recommand\u00e9 d\u2019emmener leur couchage (coussin, tapis\u2026) afin d&rsquo;avoir leurs rep\u00e8res, m\u00eame si nous savons que les chiens vont s\u00fbrement faire des \u00e9changes de couchages\u2026<\/p>\n\n\n\n<figure class=\"wp-block-image size-full is-resized\"><img loading=\"lazy\" decoding=\"async\" width=\"605\" height=\"253\" src=\"https:\/\/mumu.coycault.fr\/wp-content\/uploads\/2026\/02\/Image3.png\" alt=\"\" class=\"wp-image-21\" style=\"width:829px;height:auto\" srcset=\"https:\/\/mumu.coycault.fr\/wp-content\/uploads\/2026\/02\/Image3.png 605w, https:\/\/mumu.coycault.fr\/wp-content\/uploads\/2026\/02\/Image3-300x125.png 300w\" sizes=\"auto, (max-width: 605px) 100vw, 605px\" \/><\/figure>\n\n\n\n<div class=\"wp-block-media-text is-stacked-on-mobile\"><figure class=\"wp-block-media-text__media\"><img loading=\"lazy\" decoding=\"async\" width=\"605\" height=\"770\" src=\"https:\/\/mumu.coycault.fr\/wp-content\/uploads\/2026\/02\/Image4.png\" alt=\"\" class=\"wp-image-22 size-full\" srcset=\"https:\/\/mumu.coycault.fr\/wp-content\/uploads\/2026\/02\/Image4.png 605w, https:\/\/mumu.coycault.fr\/wp-content\/uploads\/2026\/02\/Image4-236x300.png 236w\" sizes=\"auto, (max-width: 605px) 100vw, 605px\" \/><\/figure><div class=\"wp-block-media-text__content\">\n<p class=\"has-text-align-left has-medium-font-size\"><strong>Une pension canine d\u00e9termin\u00e9e dans la cohabitation entre les animaux<\/strong><\/p>\n\n\n\n<p class=\"has-text-align-left\">Nous avons \u00e9galement des chats \u00e0 la maison et il appara\u00eet n\u00e9cessaire que les chiens accueillis respectent nos matous qui ne sont nullement impressionn\u00e9s par les chiens.<\/p>\n\n\n\n<p>Nous avons \u00e9galement des poules, dans un poulailler ferm\u00e9 et entour\u00e9 d\u2019une cl\u00f4ture \u00e9lectrique, pour repousser les plus curieux ou les plus chasseurs.<\/p>\n\n\n\n<p>Des nouvelles et des photos peuvent \u00eatre envoy\u00e9es si vous le souhaitez. Retrouvez aussi les&nbsp;<a href=\"https:\/\/www.pension-aupalaisdespatounes.fr\/infos-pratiques\">infos pratiques<\/a>&nbsp;pour la garde de votre compagnon \u00e0 4 pattes.<\/p>\n\n\n\n<div class=\"wp-block-buttons is-layout-flex wp-block-buttons-is-layout-flex\">\n<div class=\"wp-block-button\"><a class=\"wp-block-button__link has-background has-small-font-size has-custom-font-size wp-element-button\" style=\"background-color:#875cb0\"><strong>Contactez la pension<\/strong><\/a><\/div>\n<\/div>\n<\/div><\/div>\n\n\n\n<p class=\"has-medium-font-size\"><strong>D\u00e9couvrez quelques photos de la pension canine et des chiens<\/strong><\/p>\n\n\n\n<figure class=\"wp-block-gallery has-nested-images columns-default is-cropped wp-block-gallery-1 is-layout-flex wp-block-gallery-is-layout-flex\">\n<figure class=\"wp-block-image size-large\"><img loading=\"lazy\" decoding=\"async\" width=\"592\" height=\"395\" data-id=\"26\" src=\"https:\/\/mumu.coycault.fr\/wp-content\/uploads\/2026\/02\/Image2-1.png\" alt=\"\" class=\"wp-image-26\" srcset=\"https:\/\/mumu.coycault.fr\/wp-content\/uploads\/2026\/02\/Image2-1.png 592w, https:\/\/mumu.coycault.fr\/wp-content\/uploads\/2026\/02\/Image2-1-300x200.png 300w\" sizes=\"auto, (max-width: 592px) 100vw, 592px\" \/><\/figure>\n\n\n\n<figure class=\"wp-block-image size-large\"><img loading=\"lazy\" decoding=\"async\" width=\"605\" height=\"253\" data-id=\"24\" src=\"https:\/\/mumu.coycault.fr\/wp-content\/uploads\/2026\/02\/Image3-1.png\" alt=\"\" class=\"wp-image-24\" srcset=\"https:\/\/mumu.coycault.fr\/wp-content\/uploads\/2026\/02\/Image3-1.png 605w, https:\/\/mumu.coycault.fr\/wp-content\/uploads\/2026\/02\/Image3-1-300x125.png 300w\" sizes=\"auto, (max-width: 605px) 100vw, 605px\" \/><\/figure>\n\n\n\n<figure class=\"wp-block-image size-large\"><img loading=\"lazy\" decoding=\"async\" width=\"605\" height=\"770\" data-id=\"25\" src=\"https:\/\/mumu.coycault.fr\/wp-content\/uploads\/2026\/02\/Image4-1.png\" alt=\"\" class=\"wp-image-25\" srcset=\"https:\/\/mumu.coycault.fr\/wp-content\/uploads\/2026\/02\/Image4-1.png 605w, https:\/\/mumu.coycault.fr\/wp-content\/uploads\/2026\/02\/Image4-1-236x300.png 236w\" sizes=\"auto, (max-width: 605px) 100vw, 605px\" \/><\/figure>\n\n\n\n<figure class=\"wp-block-image size-large\"><img loading=\"lazy\" decoding=\"async\" width=\"565\" height=\"758\" data-id=\"48\" src=\"https:\/\/mumu.coycault.fr\/wp-content\/uploads\/2026\/02\/Image5.png\" alt=\"\" class=\"wp-image-48\" srcset=\"https:\/\/mumu.coycault.fr\/wp-content\/uploads\/2026\/02\/Image5.png 565w, https:\/\/mumu.coycault.fr\/wp-content\/uploads\/2026\/02\/Image5-224x300.png 224w\" sizes=\"auto, (max-width: 565px) 100vw, 565px\" \/><\/figure>\n\n\n\n<figure class=\"wp-block-image size-large\"><img loading=\"lazy\" decoding=\"async\" width=\"566\" height=\"758\" data-id=\"43\" src=\"https:\/\/mumu.coycault.fr\/wp-content\/uploads\/2026\/02\/Image6.png\" alt=\"\" class=\"wp-image-43\" srcset=\"https:\/\/mumu.coycault.fr\/wp-content\/uploads\/2026\/02\/Image6.png 566w, https:\/\/mumu.coycault.fr\/wp-content\/uploads\/2026\/02\/Image6-224x300.png 224w\" sizes=\"auto, (max-width: 566px) 100vw, 566px\" \/><\/figure>\n\n\n\n<figure class=\"wp-block-image size-large\"><img loading=\"lazy\" decoding=\"async\" width=\"568\" height=\"756\" data-id=\"37\" src=\"https:\/\/mumu.coycault.fr\/wp-content\/uploads\/2026\/02\/Image7.png\" alt=\"\" class=\"wp-image-37\" srcset=\"https:\/\/mumu.coycault.fr\/wp-content\/uploads\/2026\/02\/Image7.png 568w, https:\/\/mumu.coycault.fr\/wp-content\/uploads\/2026\/02\/Image7-225x300.png 225w\" sizes=\"auto, (max-width: 568px) 100vw, 568px\" \/><\/figure>\n\n\n\n\n\n<figure class=\"wp-block-image size-large\"><img loading=\"lazy\" decoding=\"async\" width=\"564\" height=\"751\" data-id=\"47\" src=\"https:\/\/mumu.coycault.fr\/wp-content\/uploads\/2026\/02\/Image9.png\" alt=\"\" class=\"wp-image-47\" srcset=\"https:\/\/mumu.coycault.fr\/wp-content\/uploads\/2026\/02\/Image9.png 564w, https:\/\/mumu.coycault.fr\/wp-content\/uploads\/2026\/02\/Image9-225x300.png 225w\" sizes=\"auto, (max-width: 564px) 100vw, 564px\" \/><\/figure>\n\n\n\n\n\n\n\n<figure class=\"wp-block-image size-large\"><img loading=\"lazy\" decoding=\"async\" width=\"588\" height=\"442\" data-id=\"28\" src=\"https:\/\/mumu.coycault.fr\/wp-content\/uploads\/2026\/02\/Image12.png\" alt=\"\" class=\"wp-image-28\" srcset=\"https:\/\/mumu.coycault.fr\/wp-content\/uploads\/2026\/02\/Image12.png 588w, https:\/\/mumu.coycault.fr\/wp-content\/uploads\/2026\/02\/Image12-300x226.png 300w\" sizes=\"auto, (max-width: 588px) 100vw, 588px\" \/><\/figure>\n\n\n\n\n\n<figure class=\"wp-block-image size-large\"><img loading=\"lazy\" decoding=\"async\" width=\"566\" height=\"749\" data-id=\"41\" src=\"https:\/\/mumu.coycault.fr\/wp-content\/uploads\/2026\/02\/Image14.png\" alt=\"\" class=\"wp-image-41\" srcset=\"https:\/\/mumu.coycault.fr\/wp-content\/uploads\/2026\/02\/Image14.png 566w, https:\/\/mumu.coycault.fr\/wp-content\/uploads\/2026\/02\/Image14-227x300.png 227w\" sizes=\"auto, (max-width: 566px) 100vw, 566px\" \/><\/figure>\n\n\n\n<figure class=\"wp-block-image size-large\"><img loading=\"lazy\" decoding=\"async\" width=\"561\" height=\"751\" data-id=\"35\" src=\"https:\/\/mumu.coycault.fr\/wp-content\/uploads\/2026\/02\/Image15.png\" alt=\"\" class=\"wp-image-35\" srcset=\"https:\/\/mumu.coycault.fr\/wp-content\/uploads\/2026\/02\/Image15.png 561w, https:\/\/mumu.coycault.fr\/wp-content\/uploads\/2026\/02\/Image15-224x300.png 224w\" sizes=\"auto, (max-width: 561px) 100vw, 561px\" \/><\/figure>\n\n\n\n\n\n\n\n\n\n\n\n\n\n<figure class=\"wp-block-image size-large\"><img loading=\"lazy\" decoding=\"async\" width=\"584\" height=\"438\" data-id=\"29\" src=\"https:\/\/mumu.coycault.fr\/wp-content\/uploads\/2026\/02\/Image21.png\" alt=\"\" class=\"wp-image-29\" srcset=\"https:\/\/mumu.coycault.fr\/wp-content\/uploads\/2026\/02\/Image21.png 584w, https:\/\/mumu.coycault.fr\/wp-content\/uploads\/2026\/02\/Image21-300x225.png 300w\" sizes=\"auto, (max-width: 584px) 100vw, 584px\" \/><\/figure>\n\n\n\n<figure class=\"wp-block-image size-large\"><img loading=\"lazy\" decoding=\"async\" width=\"592\" height=\"392\" data-id=\"40\" src=\"https:\/\/mumu.coycault.fr\/wp-content\/uploads\/2026\/02\/Image22.png\" alt=\"\" class=\"wp-image-40\" srcset=\"https:\/\/mumu.coycault.fr\/wp-content\/uploads\/2026\/02\/Image22.png 592w, https:\/\/mumu.coycault.fr\/wp-content\/uploads\/2026\/02\/Image22-300x199.png 300w\" sizes=\"auto, (max-width: 592px) 100vw, 592px\" \/><\/figure>\n\n\n\n<figure class=\"wp-block-image size-large\"><img loading=\"lazy\" decoding=\"async\" width=\"586\" height=\"388\" data-id=\"50\" src=\"https:\/\/mumu.coycault.fr\/wp-content\/uploads\/2026\/02\/Image23.png\" alt=\"\" class=\"wp-image-50\" srcset=\"https:\/\/mumu.coycault.fr\/wp-content\/uploads\/2026\/02\/Image23.png 586w, https:\/\/mumu.coycault.fr\/wp-content\/uploads\/2026\/02\/Image23-300x199.png 300w\" sizes=\"auto, (max-width: 586px) 100vw, 586px\" \/><\/figure>\n\n\n\n<figure class=\"wp-block-image size-large\"><img loading=\"lazy\" decoding=\"async\" width=\"588\" height=\"389\" data-id=\"33\" src=\"https:\/\/mumu.coycault.fr\/wp-content\/uploads\/2026\/02\/Image24.png\" alt=\"\" class=\"wp-image-33\" srcset=\"https:\/\/mumu.coycault.fr\/wp-content\/uploads\/2026\/02\/Image24.png 588w, https:\/\/mumu.coycault.fr\/wp-content\/uploads\/2026\/02\/Image24-300x198.png 300w\" sizes=\"auto, (max-width: 588px) 100vw, 588px\" \/><\/figure>\n\n\n\n<figure class=\"wp-block-image size-large\"><img loading=\"lazy\" decoding=\"async\" width=\"590\" height=\"383\" data-id=\"45\" src=\"https:\/\/mumu.coycault.fr\/wp-content\/uploads\/2026\/02\/Image25.png\" alt=\"\" class=\"wp-image-45\" srcset=\"https:\/\/mumu.coycault.fr\/wp-content\/uploads\/2026\/02\/Image25.png 590w, https:\/\/mumu.coycault.fr\/wp-content\/uploads\/2026\/02\/Image25-300x195.png 300w\" sizes=\"auto, (max-width: 590px) 100vw, 590px\" \/><\/figure>\n\n\n\n<figure class=\"wp-block-image size-large\"><img loading=\"lazy\" decoding=\"async\" width=\"589\" height=\"395\" data-id=\"39\" src=\"https:\/\/mumu.coycault.fr\/wp-content\/uploads\/2026\/02\/Image26.png\" alt=\"\" class=\"wp-image-39\" srcset=\"https:\/\/mumu.coycault.fr\/wp-content\/uploads\/2026\/02\/Image26.png 589w, https:\/\/mumu.coycault.fr\/wp-content\/uploads\/2026\/02\/Image26-300x201.png 300w\" sizes=\"auto, (max-width: 589px) 100vw, 589px\" \/><\/figure>\n\n\n\n<figure class=\"wp-block-image size-large\"><img loading=\"lazy\" decoding=\"async\" width=\"592\" height=\"389\" data-id=\"46\" src=\"https:\/\/mumu.coycault.fr\/wp-content\/uploads\/2026\/02\/Image27.png\" alt=\"\" class=\"wp-image-46\" srcset=\"https:\/\/mumu.coycault.fr\/wp-content\/uploads\/2026\/02\/Image27.png 592w, https:\/\/mumu.coycault.fr\/wp-content\/uploads\/2026\/02\/Image27-300x197.png 300w\" sizes=\"auto, (max-width: 592px) 100vw, 592px\" \/><\/figure>\n\n\n\n<figure class=\"wp-block-image size-large\"><img loading=\"lazy\" decoding=\"async\" width=\"592\" height=\"389\" data-id=\"36\" src=\"https:\/\/mumu.coycault.fr\/wp-content\/uploads\/2026\/02\/Image28.png\" alt=\"\" class=\"wp-image-36\" srcset=\"https:\/\/mumu.coycault.fr\/wp-content\/uploads\/2026\/02\/Image28.png 592w, https:\/\/mumu.coycault.fr\/wp-content\/uploads\/2026\/02\/Image28-300x197.png 300w\" sizes=\"auto, (max-width: 592px) 100vw, 592px\" \/><\/figure>\n\n\n\n<figure class=\"wp-block-image size-large\"><img loading=\"lazy\" decoding=\"async\" width=\"579\" height=\"385\" data-id=\"51\" src=\"https:\/\/mumu.coycault.fr\/wp-content\/uploads\/2026\/02\/Image29.png\" alt=\"\" class=\"wp-image-51\" srcset=\"https:\/\/mumu.coycault.fr\/wp-content\/uploads\/2026\/02\/Image29.png 579w, https:\/\/mumu.coycault.fr\/wp-content\/uploads\/2026\/02\/Image29-300x199.png 300w\" sizes=\"auto, (max-width: 579px) 100vw, 579px\" \/><\/figure>\n\n\n\n<figure class=\"wp-block-image size-large\"><img loading=\"lazy\" decoding=\"async\" width=\"585\" height=\"382\" data-id=\"49\" src=\"https:\/\/mumu.coycault.fr\/wp-content\/uploads\/2026\/02\/Image30.png\" alt=\"\" class=\"wp-image-49\" srcset=\"https:\/\/mumu.coycault.fr\/wp-content\/uploads\/2026\/02\/Image30.png 585w, https:\/\/mumu.coycault.fr\/wp-content\/uploads\/2026\/02\/Image30-300x196.png 300w\" sizes=\"auto, (max-width: 585px) 100vw, 585px\" \/><\/figure>\n\n\n\n\n\n\n\n<figure class=\"wp-block-image size-large\"><img loading=\"lazy\" decoding=\"async\" width=\"588\" height=\"383\" data-id=\"44\" src=\"https:\/\/mumu.coycault.fr\/wp-content\/uploads\/2026\/02\/Image33.png\" alt=\"\" class=\"wp-image-44\" srcset=\"https:\/\/mumu.coycault.fr\/wp-content\/uploads\/2026\/02\/Image33.png 588w, https:\/\/mumu.coycault.fr\/wp-content\/uploads\/2026\/02\/Image33-300x195.png 300w\" sizes=\"auto, (max-width: 588px) 100vw, 588px\" \/><\/figure>\n\n\n\n<figure class=\"wp-block-image size-large\"><img loading=\"lazy\" decoding=\"async\" width=\"588\" height=\"386\" data-id=\"34\" src=\"https:\/\/mumu.coycault.fr\/wp-content\/uploads\/2026\/02\/Image34.png\" alt=\"\" class=\"wp-image-34\" srcset=\"https:\/\/mumu.coycault.fr\/wp-content\/uploads\/2026\/02\/Image34.png 588w, https:\/\/mumu.coycault.fr\/wp-content\/uploads\/2026\/02\/Image34-300x197.png 300w\" sizes=\"auto, (max-width: 588px) 100vw, 588px\" \/><\/figure>\n<\/figure>\n","protected":false},"excerpt":{"rendered":"<p>Principe de vie Au Palais des Patounes, pour un s\u00e9jour sans tracas Votre ou vos chiens vivent avec nous,&nbsp;dans la maison et le jardin, le tout sur un terrain de 975 m\u00b2. Tout le terrain est cl\u00f4tur\u00e9. Dans la maison, les chiens ont acc\u00e8s au salon \u00e0 la cuisine ouverte et au couloir. Les chambres, [&hellip;]<\/p>\n","protected":false},"author":1,"featured_media":0,"parent":0,"menu_order":0,"comment_status":"closed","ping_status":"open","template":"","meta":{"ocean_post_layout":"","ocean_both_sidebars_style":"","ocean_both_sidebars_content_width":0,"ocean_both_sidebars_sidebars_width":0,"ocean_sidebar":"","ocean_second_sidebar":"","ocean_disable_margins":"enable","ocean_add_body_class":"","ocean_shortcode_before_top_bar":"","ocean_shortcode_after_top_bar":"","ocean_shortcode_before_header":"","ocean_shortcode_after_header":"","ocean_has_shortcode":"","ocean_shortcode_after_title":"","ocean_shortcode_before_footer_widgets":"","ocean_shortcode_after_footer_widgets":"","ocean_shortcode_before_footer_bottom":"","ocean_shortcode_after_footer_bottom":"","ocean_display_top_bar":"default","ocean_display_header":"default","ocean_header_style":"","ocean_center_header_left_menu":"","ocean_custom_header_template":"","ocean_custom_logo":0,"ocean_custom_retina_logo":0,"ocean_custom_logo_max_width":0,"ocean_custom_logo_tablet_max_width":0,"ocean_custom_logo_mobile_max_width":0,"ocean_custom_logo_max_height":0,"ocean_custom_logo_tablet_max_height":0,"ocean_custom_logo_mobile_max_height":0,"ocean_header_custom_menu":"","ocean_menu_typo_font_family":"","ocean_menu_typo_font_subset":"","ocean_menu_typo_font_size":0,"ocean_menu_typo_font_size_tablet":0,"ocean_menu_typo_font_size_mobile":0,"ocean_menu_typo_font_size_unit":"px","ocean_menu_typo_font_weight":"","ocean_menu_typo_font_weight_tablet":"","ocean_menu_typo_font_weight_mobile":"","ocean_menu_typo_transform":"","ocean_menu_typo_transform_tablet":"","ocean_menu_typo_transform_mobile":"","ocean_menu_typo_line_height":0,"ocean_menu_typo_line_height_tablet":0,"ocean_menu_typo_line_height_mobile":0,"ocean_menu_typo_line_height_unit":"","ocean_menu_typo_spacing":0,"ocean_menu_typo_spacing_tablet":0,"ocean_menu_typo_spacing_mobile":0,"ocean_menu_typo_spacing_unit":"","ocean_menu_link_color":"","ocean_menu_link_color_hover":"","ocean_menu_link_color_active":"","ocean_menu_link_background":"","ocean_menu_link_hover_background":"","ocean_menu_link_active_background":"","ocean_menu_social_links_bg":"","ocean_menu_social_hover_links_bg":"","ocean_menu_social_links_color":"","ocean_menu_social_hover_links_color":"","ocean_disable_title":"default","ocean_disable_heading":"default","ocean_post_title":"","ocean_post_subheading":"","ocean_post_title_style":"","ocean_post_title_background_color":"","ocean_post_title_background":0,"ocean_post_title_bg_image_position":"","ocean_post_title_bg_image_attachment":"","ocean_post_title_bg_image_repeat":"","ocean_post_title_bg_image_size":"","ocean_post_title_height":0,"ocean_post_title_bg_overlay":0.5,"ocean_post_title_bg_overlay_color":"","ocean_disable_breadcrumbs":"default","ocean_breadcrumbs_color":"","ocean_breadcrumbs_separator_color":"","ocean_breadcrumbs_links_color":"","ocean_breadcrumbs_links_hover_color":"","ocean_display_footer_widgets":"default","ocean_display_footer_bottom":"default","ocean_custom_footer_template":"","footnotes":""},"class_list":["post-2","page","type-page","status-publish","hentry","entry"],"_links":{"self":[{"href":"https:\/\/mumu.coycault.fr\/index.php?rest_route=\/wp\/v2\/pages\/2","targetHints":{"allow":["GET"]}}],"collection":[{"href":"https:\/\/mumu.coycault.fr\/index.php?rest_route=\/wp\/v2\/pages"}],"about":[{"href":"https:\/\/mumu.coycault.fr\/index.php?rest_route=\/wp\/v2\/types\/page"}],"author":[{"embeddable":true,"href":"https:\/\/mumu.coycault.fr\/index.php?rest_route=\/wp\/v2\/users\/1"}],"replies":[{"embeddable":true,"href":"https:\/\/mumu.coycault.fr\/index.php?rest_route=%2Fwp%2Fv2%2Fcomments&post=2"}],"version-history":[{"count":3,"href":"https:\/\/mumu.coycault.fr\/index.php?rest_route=\/wp\/v2\/pages\/2\/revisions"}],"predecessor-version":[{"id":52,"href":"https:\/\/mumu.coycault.fr\/index.php?rest_route=\/wp\/v2\/pages\/2\/revisions\/52"}],"wp:attachment":[{"href":"https:\/\/mumu.coycault.fr\/index.php?rest_route=%2Fwp%2Fv2%2Fmedia&parent=2"}],"curies":[{"name":"wp","href":"https:\/\/api.w.org\/{rel}","templated":true}]}}